{"id":11675,"date":"2026-01-24T05:51:36","date_gmt":"2026-01-24T05:51:36","guid":{"rendered":"https:\/\/renew-re.nl\/?page_id=11675"},"modified":"2026-03-12T04:51:46","modified_gmt":"2026-03-12T04:51:46","slug":"nick-silderhuis","status":"publish","type":"page","link":"https:\/\/renew-re.nl\/nl\/ons-team\/nick-silderhuis\/","title":{"rendered":"Nick Silderhuis"},"content":{"rendered":"<div data-elementor-type=\"wp-page\" data-elementor-id=\"11675\" class=\"elementor elementor-11675\">\n\t\t\t\t<div class=\"elementor-element elementor-element-3d163c74 e-flex e-con-boxed e-con e-parent\" data-id=\"3d163c74\" data-element_type=\"container\">\n\t\t\t\t\t<div class=\"e-con-inner\">\n\t\t<div class=\"elementor-element elementor-element-24ecda1a e-con-full e-flex e-con e-child\" data-id=\"24ecda1a\" data-element_type=\"container\" data-settings=\"{&quot;sticky&quot;:&quot;top&quot;,&quot;sticky_on&quot;:[&quot;desktop&quot;,&quot;laptop&quot;,&quot;tablet_extra&quot;,&quot;tablet&quot;,&quot;mobile_extra&quot;],&quot;sticky_offset&quot;:30,&quot;sticky_effects_offset&quot;:30,&quot;sticky_parent&quot;:&quot;yes&quot;}\">\n\t\t\t\t<div class=\"elementor-element elementor-element-6c9b9b75 elementor-widget elementor-widget-image\" data-id=\"6c9b9b75\" data-element_type=\"widget\" data-widget_type=\"image.default\">\n\t\t\t\t\t\t\t\t\t\t\t\t\t\t\t<img fetchpriority=\"high\" decoding=\"async\" width=\"1230\" height=\"1500\" src=\"https:\/\/renew-re.nl\/wp-content\/uploads\/2026\/01\/Nick-Silderhuis-CEO-RENEW-Real-Estate-RRE_.jpg\" class=\"attachment-full size-full wp-image-11624\" alt=\"\" srcset=\"https:\/\/renew-re.nl\/wp-content\/uploads\/2026\/01\/Nick-Silderhuis-CEO-RENEW-Real-Estate-RRE_.jpg 1230w, https:\/\/renew-re.nl\/wp-content\/uploads\/2026\/01\/Nick-Silderhuis-CEO-RENEW-Real-Estate-RRE_-246x300.jpg 246w, https:\/\/renew-re.nl\/wp-content\/uploads\/2026\/01\/Nick-Silderhuis-CEO-RENEW-Real-Estate-RRE_-840x1024.jpg 840w, https:\/\/renew-re.nl\/wp-content\/uploads\/2026\/01\/Nick-Silderhuis-CEO-RENEW-Real-Estate-RRE_-768x937.jpg 768w, https:\/\/renew-re.nl\/wp-content\/uploads\/2026\/01\/Nick-Silderhuis-CEO-RENEW-Real-Estate-RRE_-10x12.jpg 10w\" sizes=\"(max-width: 1230px) 100vw, 1230px\" \/>\t\t\t\t\t\t\t\t\t\t\t\t\t\t\t<\/div>\n\t\t\t\t<\/div>\n\t\t<div class=\"elementor-element elementor-element-43eda69e e-con-full e-flex e-con e-child\" data-id=\"43eda69e\" data-element_type=\"container\">\n\t\t\t\t<div class=\"elementor-element elementor-element-6cbd18b8 elementor-widget elementor-widget-heading\" data-id=\"6cbd18b8\" data-element_type=\"widget\" data-widget_type=\"heading.default\">\n\t\t\t\t\t<h6 class=\"elementor-heading-title elementor-size-default\">oprichter en CEO<\/h6>\t\t\t\t<\/div>\n\t\t\t\t<div class=\"elementor-element elementor-element-679c66c7 elementor-widget elementor-widget-heading\" data-id=\"679c66c7\" data-element_type=\"widget\" data-widget_type=\"heading.default\">\n\t\t\t\t\t<h1 class=\"elementor-heading-title elementor-size-default\">Nick Silderhuis<\/h1>\t\t\t\t<\/div>\n\t\t\t\t<div class=\"elementor-element elementor-element-19923d78 elementor-widget elementor-widget-text-editor\" data-id=\"19923d78\" data-element_type=\"widget\" data-widget_type=\"text-editor.default\">\n\t\t\t\t\t\t\t\t\t<p><span style=\"font-weight: 400;\">Nick Silderhuis leidt RENEW Real Estate (RRE) als Founder &amp; CEO en is actief betrokken als investeerder in industrieel en logistiek vastgoed. Daarnaast treedt hij op als sparringpartner voor institutioneel kapitaal binnen kernmarkten in Europa. Hij bepaalt de strategische koers van het bedrijf en houdt toezicht op de inzet van kapitaal binnen de belangrijkste logistieke markten. Met een sterke achtergrond in internationale economie en bedrijfskunde initieert, beoordeelt en realiseert Nick complexe investeringsbeslissingen die aansluiten bij een langetermijn kapitaalstrategie.<\/span><\/p>\t\t\t\t\t\t\t\t<\/div>\n\t\t<div class=\"elementor-element elementor-element-856d120 e-con-full e-flex e-con e-child\" data-id=\"856d120\" data-element_type=\"container\">\n\t\t\t\t<div class=\"elementor-element elementor-element-170f135 elementor-widget__width-initial elementor-widget elementor-widget-heading\" data-id=\"170f135\" data-element_type=\"widget\" data-widget_type=\"heading.default\">\n\t\t\t\t\t<h4 class=\"elementor-heading-title elementor-size-default\">Over mij<\/h4>\t\t\t\t<\/div>\n\t\t\t\t<div class=\"elementor-element elementor-element-bcfaa45 elementor-icon-list--layout-inline elementor-align-right elementor-widget__width-initial elementor-list-item-link-full_width elementor-widget elementor-widget-icon-list\" data-id=\"bcfaa45\" data-element_type=\"widget\" data-widget_type=\"icon-list.default\">\n\t\t\t\t\t\t\t<ul class=\"elementor-icon-list-items elementor-inline-items\">\n\t\t\t\t\t\t\t<li class=\"elementor-icon-list-item elementor-inline-item\">\n\t\t\t\t\t\t\t\t\t\t\t<a href=\"https:\/\/www.linkedin.com\/in\/nicksilderhuis\/\" target=\"_blank\">\n\n\t\t\t\t\t\t\t\t\t\t\t\t<span class=\"elementor-icon-list-icon\">\n\t\t\t\t\t\t\t<svg aria-hidden=\"true\" class=\"e-font-icon-svg e-fab-linkedin-in\" viewbox=\"0 0 448 512\" xmlns=\"http:\/\/www.w3.org\/2000\/svg\"><path d=\"M100.28 448H7.4V148.9h92.88zM53.79 108.1C24.09 108.1 0 83.5 0 53.8a53.79 53.79 0 0 1 107.58 0c0 29.7-24.1 54.3-53.79 54.3zM447.9 448h-92.68V302.4c0-34.7-.7-79.2-48.29-79.2-48.29 0-55.69 37.7-55.69 76.7V448h-92.78V148.9h89.08v40.8h1.3c12.4-23.5 42.69-48.3 87.88-48.3 94 0 111.28 61.9 111.28 142.3V448z\"><\/path><\/svg>\t\t\t\t\t\t<\/span>\n\t\t\t\t\t\t\t\t\t\t<span class=\"elementor-icon-list-text\"><\/span>\n\t\t\t\t\t\t\t\t\t\t\t<\/a>\n\t\t\t\t\t\t\t\t\t<\/li>\n\t\t\t\t\t\t<\/ul>\n\t\t\t\t\t\t<\/div>\n\t\t\t\t<\/div>\n\t\t\t\t<div class=\"elementor-element elementor-element-15ca1082 elementor-widget elementor-widget-text-editor\" data-id=\"15ca1082\" data-element_type=\"widget\" data-widget_type=\"text-editor.default\">\n\t\t\t\t\t\t\t\t\t<p>Als investeerder richt Nick zich op de inzet van institutioneel kapitaal in kapitaaleffici\u00ebnte vastgoedbeleggingen, waaronder sale &amp; leaseback-transacties, portefeuille-optimalisatie en grensoverschrijdende structuren. Zijn aanpak wordt gekenmerkt door gedisciplineerde underwriting, bescherming aan de onderkant en duurzame waardecreatie op de lange termijn binnen logistieke en industri\u00eble assets.<\/p><br>\n\n<p>Hij beschikt over ruime ervaring in het uitvoeren van institutionele investeringsstrategie\u00ebn binnen logistieke en industri\u00eble markten en werkt nauw samen met verschillende partijen om waarde te ontsluiten, met behoud van operationele continu\u00efteit en toekomstige schaalbaarheid.<\/p><br>\n\n<p>Nick hanteert een analytische en gestructureerde investeringsbenadering, waarbij vastgoed wordt gepositioneerd als een strategisch instrument voor kapitaalallocatie in plaats van een statisch bezit. Zijn expertise omvat marktanalyse, kapitaalstructurering, ESG-integratie en transactionele uitvoering binnen kernlogistieke locaties in Europa.<\/p>\t\t\t\t\t\t\t\t<\/div>\n\t\t\t\t<\/div>\n\t\t\t\t\t<\/div>\n\t\t\t\t<\/div>\n\t\t\t\t<\/div>","protected":false},"excerpt":{"rendered":"<p>founder &amp; ceo Nick Silderhuis Nick Silderhuis leads RENEW Real Estate (RRE) as Founder and CEO and is actively involved as an investor in industrial and logistics real estate, and acts as an advisor to institutional capital across core European markets. He sets the firm\u2019s strategic direction and oversees capital deployment across core logistics markets. [&hellip;]<\/p>","protected":false},"author":1,"featured_media":0,"parent":11618,"menu_order":0,"comment_status":"closed","ping_status":"closed","template":"","meta":{"footnotes":""},"class_list":["post-11675","page","type-page","status-publish","hentry"],"yoast_head":"<!-- This site is optimized with the Yoast SEO plugin v25.7 - https:\/\/yoast.com\/wordpress\/plugins\/seo\/ -->\n<title>Nick Silderhuis | RENEW Real Estate (RRE)<\/title>\n<meta name=\"description\" content=\"Nick Silderhuis leads RENEW Real Estate (RRE) as Founder and CEO and is actively involved as an investor in industrial and logistics real estate, and acts as an advisor to institutional capital across core European markets.\" \/>\n<meta name=\"robots\" content=\"index, follow, max-snippet:-1, max-image-preview:large, max-video-preview:-1\" \/>\n<link rel=\"canonical\" href=\"https:\/\/renew-re.nl\/nl\/ons-team\/nick-silderhuis\/\" \/>\n<meta property=\"og:locale\" content=\"nl_NL\" \/>\n<meta property=\"og:type\" content=\"article\" \/>\n<meta property=\"og:title\" content=\"Nick Silderhuis | RENEW Real Estate (RRE)\" \/>\n<meta property=\"og:description\" content=\"Nick Silderhuis leads RENEW Real Estate (RRE) as Founder and CEO and is actively involved as an investor in industrial and logistics real estate, and acts as an advisor to institutional capital across core European markets.\" \/>\n<meta property=\"og:url\" content=\"https:\/\/renew-re.nl\/nl\/ons-team\/nick-silderhuis\/\" \/>\n<meta property=\"og:site_name\" content=\"Renew Real Estate\" \/>\n<meta property=\"article:modified_time\" content=\"2026-03-12T04:51:46+00:00\" \/>\n<meta property=\"og:image\" content=\"https:\/\/renew-re.nl\/wp-content\/uploads\/2026\/01\/Nick-Silderhuis-CEO-RENEW-Real-Estate-RRE_.jpg\" \/>\n\t<meta property=\"og:image:width\" content=\"1230\" \/>\n\t<meta property=\"og:image:height\" content=\"1500\" \/>\n\t<meta property=\"og:image:type\" content=\"image\/jpeg\" \/>\n<meta name=\"twitter:card\" content=\"summary_large_image\" \/>\n<meta name=\"twitter:label1\" content=\"Geschatte leestijd\" \/>\n\t<meta name=\"twitter:data1\" content=\"1 minuut\" \/>\n<script type=\"application\/ld+json\" class=\"yoast-schema-graph\">{\"@context\":\"https:\/\/schema.org\",\"@graph\":[{\"@type\":\"WebPage\",\"@id\":\"https:\/\/renew-re.nl\/our-team\/nick-silderhuis\/\",\"url\":\"https:\/\/renew-re.nl\/our-team\/nick-silderhuis\/\",\"name\":\"Nick Silderhuis | RENEW Real Estate (RRE)\",\"isPartOf\":{\"@id\":\"https:\/\/renew-re.nl\/nl\/#website\"},\"primaryImageOfPage\":{\"@id\":\"https:\/\/renew-re.nl\/our-team\/nick-silderhuis\/#primaryimage\"},\"image\":{\"@id\":\"https:\/\/renew-re.nl\/our-team\/nick-silderhuis\/#primaryimage\"},\"thumbnailUrl\":\"https:\/\/renew-re.nl\/wp-content\/uploads\/2026\/01\/Nick-Silderhuis-CEO-RENEW-Real-Estate-RRE_.jpg\",\"datePublished\":\"2026-01-24T05:51:36+00:00\",\"dateModified\":\"2026-03-12T04:51:46+00:00\",\"description\":\"Nick Silderhuis leads RENEW Real Estate (RRE) as Founder and CEO and is actively involved as an investor in industrial and logistics real estate, and acts as an advisor to institutional capital across core European markets.\",\"breadcrumb\":{\"@id\":\"https:\/\/renew-re.nl\/our-team\/nick-silderhuis\/#breadcrumb\"},\"inLanguage\":\"nl-NL\",\"potentialAction\":[{\"@type\":\"ReadAction\",\"target\":[\"https:\/\/renew-re.nl\/our-team\/nick-silderhuis\/\"]}]},{\"@type\":\"ImageObject\",\"inLanguage\":\"nl-NL\",\"@id\":\"https:\/\/renew-re.nl\/our-team\/nick-silderhuis\/#primaryimage\",\"url\":\"https:\/\/renew-re.nl\/wp-content\/uploads\/2026\/01\/Nick-Silderhuis-CEO-RENEW-Real-Estate-RRE_.jpg\",\"contentUrl\":\"https:\/\/renew-re.nl\/wp-content\/uploads\/2026\/01\/Nick-Silderhuis-CEO-RENEW-Real-Estate-RRE_.jpg\"},{\"@type\":\"BreadcrumbList\",\"@id\":\"https:\/\/renew-re.nl\/our-team\/nick-silderhuis\/#breadcrumb\",\"itemListElement\":[{\"@type\":\"ListItem\",\"position\":1,\"name\":\"Home\",\"item\":\"https:\/\/renew-re.nl\/\"},{\"@type\":\"ListItem\",\"position\":2,\"name\":\"Our Team\",\"item\":\"https:\/\/renew-re.nl\/our-team\/\"},{\"@type\":\"ListItem\",\"position\":3,\"name\":\"Nick Silderhuis\"}]},{\"@type\":\"WebSite\",\"@id\":\"https:\/\/renew-re.nl\/nl\/#website\",\"url\":\"https:\/\/renew-re.nl\/nl\/\",\"name\":\"Renew Real Estate\",\"description\":\"Your Gateway to European Logistics Investments\",\"publisher\":{\"@id\":\"https:\/\/renew-re.nl\/nl\/#organization\"},\"potentialAction\":[{\"@type\":\"SearchAction\",\"target\":{\"@type\":\"EntryPoint\",\"urlTemplate\":\"https:\/\/renew-re.nl\/nl\/?s={search_term_string}\"},\"query-input\":{\"@type\":\"PropertyValueSpecification\",\"valueRequired\":true,\"valueName\":\"search_term_string\"}}],\"inLanguage\":\"nl-NL\"},{\"@type\":\"Organization\",\"@id\":\"https:\/\/renew-re.nl\/nl\/#organization\",\"name\":\"Renew Real Estate\",\"url\":\"https:\/\/renew-re.nl\/nl\/\",\"logo\":{\"@type\":\"ImageObject\",\"inLanguage\":\"nl-NL\",\"@id\":\"https:\/\/renew-re.nl\/nl\/#\/schema\/logo\/image\/\",\"url\":\"https:\/\/renew-re.nl\/wp-content\/uploads\/2025\/11\/cropped-Renew-Real-Estate-Logo-small.png\",\"contentUrl\":\"https:\/\/renew-re.nl\/wp-content\/uploads\/2025\/11\/cropped-Renew-Real-Estate-Logo-small.png\",\"width\":196,\"height\":99,\"caption\":\"Renew Real Estate\"},\"image\":{\"@id\":\"https:\/\/renew-re.nl\/nl\/#\/schema\/logo\/image\/\"}}]}<\/script>\n<!-- \/ Yoast SEO plugin. -->","yoast_head_json":{"title":"Nick Silderhuis | RENEW Real Estate (RRE)","description":"Nick Silderhuis leidt RENEW Real Estate (RRE) als Founder &amp; CEO en is actief betrokken als investeerder in industrieel en logistiek vastgoed. Daarnaast treedt hij op als sparringpartner voor institutioneel kapitaal binnen kernmarkten in Europa.","robots":{"index":"index","follow":"follow","max-snippet":"max-snippet:-1","max-image-preview":"max-image-preview:large","max-video-preview":"max-video-preview:-1"},"canonical":"https:\/\/renew-re.nl\/nl\/ons-team\/nick-silderhuis\/","og_locale":"nl_NL","og_type":"article","og_title":"Nick Silderhuis | RENEW Real Estate (RRE)","og_description":"Nick Silderhuis leads RENEW Real Estate (RRE) as Founder and CEO and is actively involved as an investor in industrial and logistics real estate, and acts as an advisor to institutional capital across core European markets.","og_url":"https:\/\/renew-re.nl\/nl\/ons-team\/nick-silderhuis\/","og_site_name":"Renew Real Estate","article_modified_time":"2026-03-12T04:51:46+00:00","og_image":[{"width":1230,"height":1500,"url":"https:\/\/renew-re.nl\/wp-content\/uploads\/2026\/01\/Nick-Silderhuis-CEO-RENEW-Real-Estate-RRE_.jpg","type":"image\/jpeg"}],"twitter_card":"summary_large_image","twitter_misc":{"Geschatte leestijd":"1 minuut"},"schema":{"@context":"https:\/\/schema.org","@graph":[{"@type":"WebPage","@id":"https:\/\/renew-re.nl\/our-team\/nick-silderhuis\/","url":"https:\/\/renew-re.nl\/our-team\/nick-silderhuis\/","name":"Nick Silderhuis | RENEW Real Estate (RRE)","isPartOf":{"@id":"https:\/\/renew-re.nl\/nl\/#website"},"primaryImageOfPage":{"@id":"https:\/\/renew-re.nl\/our-team\/nick-silderhuis\/#primaryimage"},"image":{"@id":"https:\/\/renew-re.nl\/our-team\/nick-silderhuis\/#primaryimage"},"thumbnailUrl":"https:\/\/renew-re.nl\/wp-content\/uploads\/2026\/01\/Nick-Silderhuis-CEO-RENEW-Real-Estate-RRE_.jpg","datePublished":"2026-01-24T05:51:36+00:00","dateModified":"2026-03-12T04:51:46+00:00","description":"Nick Silderhuis leidt RENEW Real Estate (RRE) als Founder &amp; CEO en is actief betrokken als investeerder in industrieel en logistiek vastgoed. Daarnaast treedt hij op als sparringpartner voor institutioneel kapitaal binnen kernmarkten in Europa.","breadcrumb":{"@id":"https:\/\/renew-re.nl\/our-team\/nick-silderhuis\/#breadcrumb"},"inLanguage":"nl-NL","potentialAction":[{"@type":"ReadAction","target":["https:\/\/renew-re.nl\/our-team\/nick-silderhuis\/"]}]},{"@type":"ImageObject","inLanguage":"nl-NL","@id":"https:\/\/renew-re.nl\/our-team\/nick-silderhuis\/#primaryimage","url":"https:\/\/renew-re.nl\/wp-content\/uploads\/2026\/01\/Nick-Silderhuis-CEO-RENEW-Real-Estate-RRE_.jpg","contentUrl":"https:\/\/renew-re.nl\/wp-content\/uploads\/2026\/01\/Nick-Silderhuis-CEO-RENEW-Real-Estate-RRE_.jpg"},{"@type":"BreadcrumbList","@id":"https:\/\/renew-re.nl\/our-team\/nick-silderhuis\/#breadcrumb","itemListElement":[{"@type":"ListItem","position":1,"name":"Home","item":"https:\/\/renew-re.nl\/"},{"@type":"ListItem","position":2,"name":"Our Team","item":"https:\/\/renew-re.nl\/our-team\/"},{"@type":"ListItem","position":3,"name":"Nick Silderhuis"}]},{"@type":"WebSite","@id":"https:\/\/renew-re.nl\/nl\/#website","url":"https:\/\/renew-re.nl\/nl\/","name":"RENEW Real Estate","description":"Uw toegangspoort tot Europese logistieke investeringen","publisher":{"@id":"https:\/\/renew-re.nl\/nl\/#organization"},"potentialAction":[{"@type":"SearchAction","target":{"@type":"EntryPoint","urlTemplate":"https:\/\/renew-re.nl\/nl\/?s={search_term_string}"},"query-input":{"@type":"PropertyValueSpecification","valueRequired":true,"valueName":"search_term_string"}}],"inLanguage":"nl-NL"},{"@type":"Organization","@id":"https:\/\/renew-re.nl\/nl\/#organization","name":"RENEW Real Estate","url":"https:\/\/renew-re.nl\/nl\/","logo":{"@type":"ImageObject","inLanguage":"nl-NL","@id":"https:\/\/renew-re.nl\/nl\/#\/schema\/logo\/image\/","url":"https:\/\/renew-re.nl\/wp-content\/uploads\/2025\/11\/cropped-Renew-Real-Estate-Logo-small.png","contentUrl":"https:\/\/renew-re.nl\/wp-content\/uploads\/2025\/11\/cropped-Renew-Real-Estate-Logo-small.png","width":196,"height":99,"caption":"Renew Real Estate"},"image":{"@id":"https:\/\/renew-re.nl\/nl\/#\/schema\/logo\/image\/"}}]}},"_links":{"self":[{"href":"https:\/\/renew-re.nl\/nl\/wp-json\/wp\/v2\/pages\/11675","targetHints":{"allow":["GET"]}}],"collection":[{"href":"https:\/\/renew-re.nl\/nl\/wp-json\/wp\/v2\/pages"}],"about":[{"href":"https:\/\/renew-re.nl\/nl\/wp-json\/wp\/v2\/types\/page"}],"author":[{"embeddable":true,"href":"https:\/\/renew-re.nl\/nl\/wp-json\/wp\/v2\/users\/1"}],"replies":[{"embeddable":true,"href":"https:\/\/renew-re.nl\/nl\/wp-json\/wp\/v2\/comments?post=11675"}],"version-history":[{"count":0,"href":"https:\/\/renew-re.nl\/nl\/wp-json\/wp\/v2\/pages\/11675\/revisions"}],"up":[{"embeddable":true,"href":"https:\/\/renew-re.nl\/nl\/wp-json\/wp\/v2\/pages\/11618"}],"wp:attachment":[{"href":"https:\/\/renew-re.nl\/nl\/wp-json\/wp\/v2\/media?parent=11675"}],"curies":[{"name":"wp","href":"https:\/\/api.w.org\/{rel}","templated":true}]}}